{"id":233,"date":"2021-05-20T20:27:01","date_gmt":"2021-05-20T20:27:01","guid":{"rendered":"https:\/\/cafeteriabonjourbenidorm.com\/bonjour\/?page_id=233"},"modified":"2024-02-04T22:23:08","modified_gmt":"2024-02-04T22:23:08","slug":"batidos-espanol","status":"publish","type":"page","link":"https:\/\/cafeteriabonjourbenidorm.com\/bonjour\/batidos-espanol\/","title":{"rendered":"Batidos Espa\u00f1ol"},"content":{"rendered":"<p>[et_pb_section fb_built=\u00bb1&#8243; admin_label=\u00bbMenu\u00bb _builder_version=\u00bb4.0.8&#8243; locked=\u00bboff\u00bb][et_pb_row _builder_version=\u00bb4.9.4&#8243;][et_pb_column type=\u00bb4_4&#8243; _builder_version=\u00bb4.9.4&#8243;][et_pb_text _builder_version=\u00bb4.9.4&#8243; text_font=\u00bbCabin||||||||\u00bb text_text_color=\u00bb#000000&#8243; text_font_size=\u00bb18px\u00bb text_line_height=\u00bb1.8em\u00bb header_text_color=\u00bb#000000&#8243; header_5_font=\u00bbCabin|700||on|||||\u00bb header_5_text_color=\u00bb#002d4c\u00bb header_5_letter_spacing=\u00bb1px\u00bb text_font_size_tablet=\u00bb15px\u00bb text_font_size_phone=\u00bb14px\u00bb text_font_size_last_edited=\u00bboff|desktop\u00bb saved_tabs=\u00bball\u00bb text_text_color__hover=\u00bb#ffffff\u00bb text_text_color__hover_enabled=\u00bboff|desktop\u00bb header_5_text_color__hover=\u00bb#ffffff\u00bb header_5_text_color__hover_enabled=\u00bboff|desktop\u00bb]<\/p>\n<p style=\"text-align: left; color: black;\"><a href=\"hotoni.com\/bonjour\/carta-espanol\">\u2190 Volver al men\u00fa\u00a0 <\/a>\u00a0 \u00a0 \u00a0 \u00a0 \u00a0 \u00a0 \u00a0 \u00a0 \u00a0 \u00a0 \u00a0 \u00a0 \u00a0 \u00a0 \u00a0 \u00a0 \u00a0 \u00a0 \u00a0 \u00a0 \u00a0 \u00a0 \u00a0 \u00a0 \u00a0 \u00a0 \u00a0 \u00a0 \u00a0 \u00a0 \u00a0 \u00a0 \u00a0 \u00a0 \u00a0 \u00a0 \u00a0 \u00a0 \u00a0 \u00a0 \u00a0 \u00a0 \u00a0 \u00a0 \u00a0 \u00a0 \u00a0 \u00a0 \u00a0 \u00a0 \u00a0 \u00a0 \u00a0 \u00a0 \u00a0 \u00a0 \u00a0 \u00a0 \u00a0 \u00a0 \u00a0 \u00a0 \u00a0 \u00a0 \u00a0 \u00a0 \u00a0 \u00a0 \u00a0 \u00a0 \u00a0 \u00a0 \u00a0 \u00a0 \u00a0 \u00a0 \u00a0 \u00a0 \u00a0 \u00a0 \u00a0 \u00a0 \u00a0 \u00a0 \u00a0 \u00a0 \u00a0 \u00a0 \u00a0 \u00a0 \u00a0 \u00a0 \u00a0 \u00a0 \u00a0 \u00a0 \u00a0 \u00a0 \u00a0 \u00a0 \u00a0 \u00a0 \u00a0  <a href=\"hotoni.com\/bonjour\/batidos-english\"\">English<\/a><\/p>\n<p>[\/et_pb_text][et_pb_text _builder_version=\u00bb4.9.4&#8243; text_font=\u00bbCabin||||||||\u00bb text_text_color=\u00bbrgba(85,101,112,0.8)\u00bb text_font_size=\u00bb16px\u00bb text_line_height=\u00bb1.8em\u00bb header_3_font=\u00bbPlayfair Display|700|||||||\u00bb header_3_text_color=\u00bb#002d4c\u00bb header_3_font_size=\u00bb26px\u00bb header_3_line_height=\u00bb1.1em\u00bb max_width_tablet=\u00bb90%\u00bb max_width_phone=\u00bb100%\u00bb max_width_last_edited=\u00bboff|desktop\u00bb custom_margin=\u00bb||||false|false\u00bb text_font_size_tablet=\u00bb15px\u00bb text_font_size_phone=\u00bb14px\u00bb text_font_size_last_edited=\u00bbon|phone\u00bb header_3_font_size_tablet=\u00bb\u00bb header_3_font_size_phone=\u00bb20px\u00bb header_3_font_size_last_edited=\u00bbon|phone\u00bb border_color_all=\u00bbrgba(85,101,112,0.2)\u00bb border_width_bottom=\u00bb1px\u00bb locked=\u00bboff\u00bb header_2_2_font_size_phone=\u00bb32px\u00bb header_3_2_font_size_phone=\u00bb32px\u00bb header_4_2_font_size_phone=\u00bb32px\u00bb header_5_2_font_size_phone=\u00bb32px\u00bb header_6_2_font_size_phone=\u00bb32px\u00bb header_2_2_font_size_tablet=\u00bb44px\u00bb header_3_2_font_size_tablet=\u00bb44px\u00bb header_4_2_font_size_tablet=\u00bb44px\u00bb header_5_2_font_size_tablet=\u00bb44px\u00bb header_6_2_font_size_tablet=\u00bb44px\u00bb header_2_2_font_size_last_edited=\u00bbon|tablet\u00bb header_3_2_font_size_last_edited=\u00bbon|tablet\u00bb header_4_2_font_size_last_edited=\u00bbon|tablet\u00bb header_5_2_font_size_last_edited=\u00bbon|tablet\u00bb header_6_2_font_size_last_edited=\u00bbon|tablet\u00bb]<\/p>\n<h3>BATIDOS<\/h3>\n<p>[\/et_pb_text][et_pb_text _builder_version=\u00bb4.9.4&#8243; text_font=\u00bbCabin||||||||\u00bb text_text_color=\u00bbrgba(85,101,112,0.8)\u00bb text_line_height=\u00bb1.8em\u00bb header_5_font=\u00bbCabin|700||on|||||\u00bb header_5_text_color=\u00bb#002d4c\u00bb header_5_letter_spacing=\u00bb1px\u00bb text_font_size_tablet=\u00bb15px\u00bb text_font_size_phone=\u00bb14px\u00bb text_font_size_last_edited=\u00bboff|desktop\u00bb text_text_color__hover=\u00bb#ffffff\u00bb text_text_color__hover_enabled=\u00bboff|desktop\u00bb header_5_text_color__hover=\u00bb#ffffff\u00bb header_5_text_color__hover_enabled=\u00bboff|desktop\u00bb]<\/p>\n<h5>BATIDO CLASICO &#8211; 5.00\u20ac<\/h5>\n<p>Chocolate, vainilla o fresa<\/p>\n<p>[\/et_pb_text][et_pb_text _builder_version=\u00bb4.9.4&#8243; text_font=\u00bbCabin||||||||\u00bb text_text_color=\u00bbrgba(85,101,112,0.8)\u00bb text_line_height=\u00bb1.8em\u00bb header_5_font=\u00bbCabin|700||on|||||\u00bb header_5_text_color=\u00bb#002d4c\u00bb header_5_letter_spacing=\u00bb1px\u00bb hover_enabled=\u00bb0&#8243; text_font_size_tablet=\u00bb15px\u00bb text_font_size_phone=\u00bb14px\u00bb text_font_size_last_edited=\u00bboff|desktop\u00bb text_text_color__hover=\u00bb#ffffff\u00bb text_text_color__hover_enabled=\u00bboff|desktop\u00bb header_5_text_color__hover=\u00bb#ffffff\u00bb header_5_text_color__hover_enabled=\u00bboff|desktop\u00bb sticky_enabled=\u00bb0&#8243;]<\/p>\n<h5>BATIDOS ESPECIALES- 5.50\u20ac<\/h5>\n<p>Oreo o Kinder Bueno<\/p>\n<p>[\/et_pb_text][et_pb_text _builder_version=\u00bb4.9.4&#8243; text_font=\u00bbCabin||||||||\u00bb text_text_color=\u00bbrgba(85,101,112,0.8)\u00bb text_font_size=\u00bb16px\u00bb text_line_height=\u00bb1.8em\u00bb header_3_font=\u00bbPlayfair Display|700|||||||\u00bb header_3_text_color=\u00bb#002d4c\u00bb header_3_font_size=\u00bb26px\u00bb header_3_line_height=\u00bb1.1em\u00bb max_width_tablet=\u00bb90%\u00bb max_width_phone=\u00bb100%\u00bb max_width_last_edited=\u00bboff|desktop\u00bb custom_margin=\u00bb||||false|false\u00bb text_font_size_tablet=\u00bb15px\u00bb text_font_size_phone=\u00bb14px\u00bb text_font_size_last_edited=\u00bbon|phone\u00bb header_3_font_size_tablet=\u00bb\u00bb header_3_font_size_phone=\u00bb20px\u00bb header_3_font_size_last_edited=\u00bbon|phone\u00bb border_color_all=\u00bbrgba(85,101,112,0.2)\u00bb border_width_bottom=\u00bb1px\u00bb locked=\u00bboff\u00bb header_2_2_font_size_phone=\u00bb32px\u00bb header_3_2_font_size_phone=\u00bb32px\u00bb header_4_2_font_size_phone=\u00bb32px\u00bb header_5_2_font_size_phone=\u00bb32px\u00bb header_6_2_font_size_phone=\u00bb32px\u00bb header_2_2_font_size_tablet=\u00bb44px\u00bb header_3_2_font_size_tablet=\u00bb44px\u00bb header_4_2_font_size_tablet=\u00bb44px\u00bb header_5_2_font_size_tablet=\u00bb44px\u00bb header_6_2_font_size_tablet=\u00bb44px\u00bb header_2_2_font_size_last_edited=\u00bbon|tablet\u00bb header_3_2_font_size_last_edited=\u00bbon|tablet\u00bb header_4_2_font_size_last_edited=\u00bbon|tablet\u00bb header_5_2_font_size_last_edited=\u00bbon|tablet\u00bb header_6_2_font_size_last_edited=\u00bbon|tablet\u00bb]<\/p>\n<h3>SMOOTHIES<\/h3>\n<p>[\/et_pb_text][et_pb_text _builder_version=\u00bb4.9.4&#8243; text_font=\u00bbCabin||||||||\u00bb text_text_color=\u00bbrgba(85,101,112,0.8)\u00bb text_line_height=\u00bb1.8em\u00bb header_5_font=\u00bbCabin|700||on|||||\u00bb header_5_text_color=\u00bb#002d4c\u00bb header_5_letter_spacing=\u00bb1px\u00bb text_font_size_tablet=\u00bb15px\u00bb text_font_size_phone=\u00bb14px\u00bb text_font_size_last_edited=\u00bboff|desktop\u00bb text_text_color__hover=\u00bb#ffffff\u00bb text_text_color__hover_enabled=\u00bboff|desktop\u00bb header_5_text_color__hover=\u00bb#ffffff\u00bb header_5_text_color__hover_enabled=\u00bboff|desktop\u00bb]<\/p>\n<h5>NATURAL GREEN &#8211; 5.50\u20ac<\/h5>\n<p>Br\u00f3coli, espinacas, apio, pl\u00e1tano, pi\u00f1a y mango.<\/p>\n<p>[\/et_pb_text][et_pb_text _builder_version=\u00bb4.9.4&#8243; text_font=\u00bbCabin||||||||\u00bb text_text_color=\u00bbrgba(85,101,112,0.8)\u00bb text_line_height=\u00bb1.8em\u00bb header_5_font=\u00bbCabin|700||on|||||\u00bb header_5_text_color=\u00bb#002d4c\u00bb header_5_letter_spacing=\u00bb1px\u00bb text_font_size_tablet=\u00bb15px\u00bb text_font_size_phone=\u00bb14px\u00bb text_font_size_last_edited=\u00bboff|desktop\u00bb text_text_color__hover=\u00bb#ffffff\u00bb text_text_color__hover_enabled=\u00bboff|desktop\u00bb header_5_text_color__hover=\u00bb#ffffff\u00bb header_5_text_color__hover_enabled=\u00bboff|desktop\u00bb]<\/p>\n<h5>MANGO FRESH &#8211; 5.50\u20ac<\/h5>\n<p>Mango y pera.<\/p>\n<p>[\/et_pb_text][et_pb_text _builder_version=\u00bb4.9.4&#8243; text_font=\u00bbCabin||||||||\u00bb text_text_color=\u00bbrgba(85,101,112,0.8)\u00bb text_line_height=\u00bb1.8em\u00bb header_5_font=\u00bbCabin|700||on|||||\u00bb header_5_text_color=\u00bb#002d4c\u00bb header_5_letter_spacing=\u00bb1px\u00bb text_font_size_tablet=\u00bb15px\u00bb text_font_size_phone=\u00bb14px\u00bb text_font_size_last_edited=\u00bboff|desktop\u00bb text_text_color__hover=\u00bb#ffffff\u00bb text_text_color__hover_enabled=\u00bboff|desktop\u00bb header_5_text_color__hover=\u00bb#ffffff\u00bb header_5_text_color__hover_enabled=\u00bboff|desktop\u00bb]<\/p>\n<h5>PEACH PARADISE &#8211; 5.50\u20ac<\/h5>\n<p>Melocoton, papaya y fresa.<\/p>\n<p>[\/et_pb_text][et_pb_text _builder_version=\u00bb4.9.4&#8243; text_font=\u00bbCabin||||||||\u00bb text_text_color=\u00bbrgba(85,101,112,0.8)\u00bb text_line_height=\u00bb1.8em\u00bb header_5_font=\u00bbCabin|700||on|||||\u00bb header_5_text_color=\u00bb#002d4c\u00bb header_5_letter_spacing=\u00bb1px\u00bb text_font_size_tablet=\u00bb15px\u00bb text_font_size_phone=\u00bb14px\u00bb text_font_size_last_edited=\u00bboff|desktop\u00bb text_text_color__hover=\u00bb#ffffff\u00bb text_text_color__hover_enabled=\u00bboff|desktop\u00bb header_5_text_color__hover=\u00bb#ffffff\u00bb header_5_text_color__hover_enabled=\u00bboff|desktop\u00bb]<\/p>\n<h5>PI\u00d1A COLADA &#8211; 5.50\u20ac<\/h5>\n<p>Pi\u00f1a y coco.<\/p>\n<p>[\/et_pb_text][et_pb_text _builder_version=\u00bb4.9.4&#8243; text_font=\u00bbCabin||||||||\u00bb text_text_color=\u00bbrgba(85,101,112,0.8)\u00bb text_line_height=\u00bb1.8em\u00bb header_5_font=\u00bbCabin|700||on|||||\u00bb header_5_text_color=\u00bb#002d4c\u00bb header_5_letter_spacing=\u00bb1px\u00bb text_font_size_tablet=\u00bb15px\u00bb text_font_size_phone=\u00bb14px\u00bb text_font_size_last_edited=\u00bboff|desktop\u00bb text_text_color__hover=\u00bb#ffffff\u00bb text_text_color__hover_enabled=\u00bboff|desktop\u00bb header_5_text_color__hover=\u00bb#ffffff\u00bb header_5_text_color__hover_enabled=\u00bboff|desktop\u00bb]<\/p>\n<h5>RED BANANA &#8211; 5.50\u20ac<\/h5>\n<p>Fresa y pl\u00e1tano.<\/p>\n<p>[\/et_pb_text][et_pb_text _builder_version=\u00bb4.9.4&#8243; text_font=\u00bbCabin||||||||\u00bb text_text_color=\u00bbrgba(85,101,112,0.8)\u00bb text_line_height=\u00bb1.8em\u00bb header_5_font=\u00bbCabin|700||on|||||\u00bb header_5_text_color=\u00bb#002d4c\u00bb header_5_letter_spacing=\u00bb1px\u00bb text_font_size_tablet=\u00bb15px\u00bb text_font_size_phone=\u00bb14px\u00bb text_font_size_last_edited=\u00bboff|desktop\u00bb text_text_color__hover=\u00bb#ffffff\u00bb text_text_color__hover_enabled=\u00bboff|desktop\u00bb header_5_text_color__hover=\u00bb#ffffff\u00bb header_5_text_color__hover_enabled=\u00bboff|desktop\u00bb]<\/p>\n<h5>APPLE &amp; BERRY &#8211; 5.50\u20ac<\/h5>\n<p>Manzana, frambuesa, ar\u00e1ndanos y mango.<\/p>\n<p>[\/et_pb_text][et_pb_text _builder_version=\u00bb4.9.4&#8243; text_font=\u00bbCabin||||||||\u00bb text_text_color=\u00bbrgba(85,101,112,0.8)\u00bb text_line_height=\u00bb1.8em\u00bb header_5_font=\u00bbCabin|700||on|||||\u00bb header_5_text_color=\u00bb#002d4c\u00bb header_5_letter_spacing=\u00bb1px\u00bb text_font_size_tablet=\u00bb15px\u00bb text_font_size_phone=\u00bb14px\u00bb text_font_size_last_edited=\u00bboff|desktop\u00bb text_text_color__hover=\u00bb#ffffff\u00bb text_text_color__hover_enabled=\u00bboff|desktop\u00bb header_5_text_color__hover=\u00bb#ffffff\u00bb header_5_text_color__hover_enabled=\u00bboff|desktop\u00bb]<\/p>\n<h5>TROPIC MIX &#8211; 5.50\u20ac<\/h5>\n<p>Pi\u00f1a, papaya y mango.<\/p>\n<p>[\/et_pb_text][et_pb_text _builder_version=\u00bb4.9.4&#8243; text_font=\u00bbCabin||||||||\u00bb text_text_color=\u00bb#000000&#8243; text_font_size=\u00bb18px\u00bb text_line_height=\u00bb1.8em\u00bb header_text_color=\u00bb#000000&#8243; header_5_font=\u00bbCabin|700||on|||||\u00bb header_5_text_color=\u00bb#002d4c\u00bb header_5_letter_spacing=\u00bb1px\u00bb text_font_size_tablet=\u00bb15px\u00bb text_font_size_phone=\u00bb14px\u00bb text_font_size_last_edited=\u00bboff|desktop\u00bb saved_tabs=\u00bball\u00bb text_text_color__hover=\u00bb#ffffff\u00bb text_text_color__hover_enabled=\u00bboff|desktop\u00bb header_5_text_color__hover=\u00bb#ffffff\u00bb header_5_text_color__hover_enabled=\u00bboff|desktop\u00bb]<\/p>\n<p style=\"text-align: left; color: black;\"><a href=\"hotoni.com\/bonjour\/carta-espanol\">\u2190 Volver al men\u00fa\u00a0 <\/a>\u00a0 \u00a0 \u00a0 \u00a0 \u00a0 \u00a0 \u00a0 \u00a0 \u00a0 \u00a0 \u00a0 \u00a0 \u00a0 \u00a0 \u00a0 \u00a0 \u00a0 \u00a0 \u00a0 \u00a0 \u00a0 \u00a0 \u00a0 \u00a0 \u00a0 \u00a0 \u00a0 \u00a0 \u00a0 \u00a0 \u00a0 \u00a0 \u00a0 \u00a0 \u00a0 \u00a0 \u00a0 \u00a0 \u00a0 \u00a0 \u00a0 \u00a0 \u00a0 \u00a0 \u00a0 \u00a0 \u00a0 \u00a0 \u00a0 \u00a0 \u00a0 \u00a0 \u00a0 \u00a0 \u00a0 \u00a0 \u00a0 \u00a0 \u00a0 \u00a0 \u00a0 \u00a0 \u00a0 \u00a0 \u00a0 \u00a0 \u00a0 \u00a0 \u00a0 \u00a0 \u00a0 \u00a0 \u00a0 \u00a0 \u00a0 \u00a0 \u00a0 \u00a0 \u00a0 \u00a0 \u00a0 \u00a0 \u00a0 \u00a0 \u00a0 \u00a0 \u00a0 \u00a0 \u00a0 \u00a0 \u00a0 \u00a0 \u00a0 \u00a0 \u00a0 \u00a0 \u00a0 \u00a0 \u00a0 \u00a0 \u00a0 \u00a0 \u00a0  <a href=\"hotoni.com\/bonjour\/batidos-english\"\">English<\/a><\/p>\n<p>[\/et_pb_text][\/et_pb_column][\/et_pb_row][\/et_pb_section][et_pb_section fb_built=\u00bb1&#8243; admin_label=\u00bbFooter\u00bb _builder_version=\u00bb3.22&#8243; background_color_gradient_direction=\u00bb90deg\u00bb background_image=\u00bbhttps:\/\/cafeteriabonjourbenidorm.com\/bonjour\/wp-content\/uploads\/2021\/05\/section-bg-7.jpg\u00bb parallax=\u00bbon\u00bb custom_padding=\u00bb0px|0px|0px|0px\u00bb saved_tabs=\u00bball\u00bb locked=\u00bboff\u00bb][et_pb_row column_structure=\u00bb1_2,1_2&#8243; use_custom_gutter=\u00bbon\u00bb gutter_width=\u00bb1&#8243; make_equal=\u00bbon\u00bb admin_label=\u00bbFooter Row\u00bb module_class=\u00bb et_pb_row_fullwidth\u00bb _builder_version=\u00bb4.9.4&#8243; width=\u00bb100%\u00bb width_tablet=\u00bb100%\u00bb width_phone=\u00bb\u00bb width_last_edited=\u00bbon|desktop\u00bb max_width=\u00bb100%\u00bb max_width_tablet=\u00bb100%\u00bb max_width_phone=\u00bb\u00bb max_width_last_edited=\u00bbon|desktop\u00bb custom_margin=\u00bb|||\u00bb custom_padding=\u00bb0px|0px|0px|0px\u00bb animation_style=\u00bbfade\u00bb make_fullwidth=\u00bbon\u00bb][et_pb_column type=\u00bb1_2&#8243; _builder_version=\u00bb3.25&#8243; background_color=\u00bbrgba(0,0,0,0.6)\u00bb custom_padding=\u00bb100px|10%|100px|10%\u00bb custom_padding_tablet=\u00bb\u00bb custom_padding_phone=\u00bb\u00bb custom_padding_last_edited=\u00bbon|phone\u00bb padding_last_edited=\u00bbon|phone\u00bb custom_padding__hover=\u00bb|||\u00bb][et_pb_text admin_label=\u00bbTittle\u00bb _builder_version=\u00bb3.27.4&#8243; text_font=\u00bbOswald||||\u00bb link_font=\u00bb||||||||\u00bb ul_font=\u00bb||||||||\u00bb ol_font=\u00bb||||||||\u00bb quote_font=\u00bb||||||||\u00bb header_font=\u00bb||||||||\u00bb header_2_font=\u00bbOswald|||on|||||\u00bb header_2_text_align=\u00bbleft\u00bb header_2_font_size=\u00bb40px\u00bb header_2_letter_spacing=\u00bb2px\u00bb header_2_line_height=\u00bb1.5em\u00bb background_layout=\u00bbdark\u00bb custom_margin=\u00bb||4%|\u00bb locked=\u00bboff\u00bb]<\/p>\n<h2>Come on In!<\/h2>\n<p>[\/et_pb_text][et_pb_text admin_label=\u00bbTexts\u00bb _builder_version=\u00bb4.9.4&#8243; text_font=\u00bbNunito||||\u00bb text_font_size=\u00bb16px\u00bb text_line_height=\u00bb1.5em\u00bb header_font=\u00bbOswald|||on|\u00bb header_text_color=\u00bb#DCA57D\u00bb header_font_size=\u00bb16px\u00bb header_letter_spacing=\u00bb2px\u00bb header_line_height=\u00bb1.7em\u00bb header_4_font=\u00bbOswald|||on|||||\u00bb header_4_text_color=\u00bb#DCA57D\u00bb header_4_font_size=\u00bb16px\u00bb header_4_letter_spacing=\u00bb1px\u00bb header_4_line_height=\u00bb1.5em\u00bb background_layout=\u00bbdark\u00bb custom_margin=\u00bb||6%|\u00bb custom_padding=\u00bb0px|||||\u00bb locked=\u00bboff\u00bb]<\/p>\n<h4>TODOS LOS D\u00cdAS \/ ALL DAYS<\/h4>\n<p>8 AM &#8211; 12 PM<\/p>\n<p>[\/et_pb_text][et_pb_button button_url=\u00bbhttps:\/\/goo.gl\/maps\/2GDjNht6x8zo3ySu8&#8243; button_text=\u00bbVISITANOS \/ VISIT US\u00bb button_alignment=\u00bbleft\u00bb admin_label=\u00bbTexts\u00bb _builder_version=\u00bb4.9.4&#8243; custom_button=\u00bbon\u00bb button_text_size=\u00bb15px\u00bb button_text_color=\u00bb#ffffff\u00bb button_bg_color=\u00bb#dca47d\u00bb button_border_width=\u00bb10px\u00bb button_border_color=\u00bb#dca47d\u00bb button_border_radius=\u00bb0px\u00bb button_letter_spacing=\u00bb3px\u00bb button_font=\u00bbOswald|||on|\u00bb button_use_icon=\u00bboff\u00bb custom_margin=\u00bb|||\u00bb button_border_color_hover=\u00bb#c99872&#8243; button_border_radius_hover=\u00bb0px\u00bb button_letter_spacing_hover=\u00bb3px\u00bb button_bg_color_hover=\u00bb#c99872&#8243; button_text_size__hover_enabled=\u00bboff\u00bb button_one_text_size__hover_enabled=\u00bboff\u00bb button_two_text_size__hover_enabled=\u00bboff\u00bb button_text_color__hover_enabled=\u00bboff\u00bb button_one_text_color__hover_enabled=\u00bboff\u00bb button_two_text_color__hover_enabled=\u00bboff\u00bb button_border_width__hover_enabled=\u00bboff\u00bb button_one_border_width__hover_enabled=\u00bboff\u00bb button_two_border_width__hover_enabled=\u00bboff\u00bb button_border_color__hover_enabled=\u00bbon\u00bb button_border_color__hover=\u00bb#c99872&#8243; button_one_border_color__hover_enabled=\u00bboff\u00bb button_two_border_color__hover_enabled=\u00bboff\u00bb button_border_radius__hover_enabled=\u00bbon\u00bb button_border_radius__hover=\u00bb0px\u00bb button_one_border_radius__hover_enabled=\u00bboff\u00bb button_two_border_radius__hover_enabled=\u00bboff\u00bb button_letter_spacing__hover_enabled=\u00bbon\u00bb button_letter_spacing__hover=\u00bb3px\u00bb button_one_letter_spacing__hover_enabled=\u00bboff\u00bb button_two_letter_spacing__hover_enabled=\u00bboff\u00bb button_bg_color__hover_enabled=\u00bbon\u00bb button_bg_color__hover=\u00bb#c99872&#8243; button_one_bg_color__hover_enabled=\u00bboff\u00bb button_two_bg_color__hover_enabled=\u00bboff\u00bb][\/et_pb_button][\/et_pb_column][et_pb_column type=\u00bb1_2&#8243; _builder_version=\u00bb3.25&#8243; background_color=\u00bb#000000&#8243; custom_padding=\u00bb100px|10%|100px|10%\u00bb custom_padding__hover=\u00bb|||\u00bb][et_pb_text admin_label=\u00bbTexts\u00bb _builder_version=\u00bb3.27.4&#8243; text_font=\u00bbOswald||||\u00bb link_font=\u00bb||||||||\u00bb ul_font=\u00bb||||||||\u00bb ol_font=\u00bb||||||||\u00bb quote_font=\u00bb||||||||\u00bb header_font=\u00bb||||||||\u00bb header_2_font=\u00bbOswald|||on|||||\u00bb header_2_text_align=\u00bbleft\u00bb header_2_font_size=\u00bb40px\u00bb header_2_letter_spacing=\u00bb2px\u00bb header_2_line_height=\u00bb1.5em\u00bb background_layout=\u00bbdark\u00bb custom_margin=\u00bb||4%|\u00bb custom_padding=\u00bb|||\u00bb locked=\u00bboff\u00bb]<\/p>\n<h2>Contact<\/h2>\n<p>[\/et_pb_text][et_pb_text admin_label=\u00bbTexts\u00bb _builder_version=\u00bb4.9.4&#8243; text_font=\u00bbNunito||||\u00bb text_font_size=\u00bb16px\u00bb header_font=\u00bbOswald|||on|\u00bb header_text_color=\u00bb#DCA57D\u00bb header_font_size=\u00bb16px\u00bb header_letter_spacing=\u00bb2px\u00bb header_line_height=\u00bb1.7em\u00bb header_4_font=\u00bbOswald|||on|||||\u00bb header_4_text_color=\u00bb#DCA57D\u00bb header_4_font_size=\u00bb16px\u00bb header_4_letter_spacing=\u00bb1px\u00bb header_4_line_height=\u00bb1.5em\u00bb background_layout=\u00bbdark\u00bb custom_margin=\u00bb||6%|\u00bb custom_padding=\u00bb0px|||||\u00bb locked=\u00bboff\u00bb]<\/p>\n<h4>TEL\u00c9FONO \/ PHONE<\/h4>\n<p>+34 688 433 854<\/p>\n<p>[\/et_pb_text][et_pb_text admin_label=\u00bbTexts\u00bb _builder_version=\u00bb4.9.4&#8243; text_font=\u00bbNunito||||\u00bb text_font_size=\u00bb16px\u00bb header_font=\u00bbOswald|||on|\u00bb header_text_color=\u00bb#DCA57D\u00bb header_font_size=\u00bb16px\u00bb header_letter_spacing=\u00bb2px\u00bb header_line_height=\u00bb1.7em\u00bb header_4_font=\u00bbOswald|||on|||||\u00bb header_4_text_color=\u00bb#DCA57D\u00bb header_4_font_size=\u00bb16px\u00bb header_4_letter_spacing=\u00bb1px\u00bb header_4_line_height=\u00bb1.5em\u00bb background_layout=\u00bbdark\u00bb custom_margin=\u00bb||6%|\u00bb locked=\u00bboff\u00bb]<\/p>\n<h4>Mail<\/h4>\n<p>bonjour@gmail.com<\/p>\n<p>[\/et_pb_text][et_pb_text admin_label=\u00bbTexts\u00bb _builder_version=\u00bb3.27.4&#8243; text_font=\u00bbNunito||||\u00bb text_font_size=\u00bb16px\u00bb text_line_height=\u00bb1.5em\u00bb header_font=\u00bbOswald|||on|\u00bb header_text_color=\u00bb#DCA57D\u00bb header_font_size=\u00bb16px\u00bb header_letter_spacing=\u00bb2px\u00bb header_line_height=\u00bb1.7em\u00bb header_4_font=\u00bbOswald|||on|||||\u00bb header_4_text_color=\u00bb#DCA57D\u00bb header_4_font_size=\u00bb16px\u00bb header_4_letter_spacing=\u00bb1px\u00bb header_4_line_height=\u00bb1.5em\u00bb background_layout=\u00bbdark\u00bb custom_margin=\u00bb||6%|\u00bb locked=\u00bboff\u00bb]<\/p>\n<h4>DIRECCI\u00d3N<\/h4>\n<p>C\/ Esperanto, 15<\/p>\n<p>Benidorm, 03503<\/p>\n<p>&nbsp;<\/p>\n<p>[\/et_pb_text][\/et_pb_column][\/et_pb_row][\/et_pb_section]<\/p>\n","protected":false},"excerpt":{"rendered":"<p>[et_pb_section fb_built=\u00bb1&#8243; admin_label=\u00bbMenu\u00bb _builder_version=\u00bb4.0.8&#8243; locked=\u00bboff\u00bb][et_pb_row _builder_version=\u00bb4.9.4&#8243;][et_pb_column type=\u00bb4_4&#8243; _builder_version=\u00bb4.9.4&#8243;][et_pb_text _builder_version=\u00bb4.9.4&#8243; text_font=\u00bbCabin||||||||\u00bb text_text_color=\u00bb#000000&#8243; text_font_size=\u00bb18px\u00bb text_line_height=\u00bb1.8em\u00bb header_text_color=\u00bb#000000&#8243; header_5_font=\u00bbCabin|700||on|||||\u00bb header_5_text_color=\u00bb#002d4c\u00bb header_5_letter_spacing=\u00bb1px\u00bb text_font_size_tablet=\u00bb15px\u00bb text_font_size_phone=\u00bb14px\u00bb text_font_size_last_edited=\u00bboff|desktop\u00bb saved_tabs=\u00bball\u00bb text_text_color__hover=\u00bb#ffffff\u00bb text_text_color__hover_enabled=\u00bboff|desktop\u00bb header_5_text_color__hover=\u00bb#ffffff\u00bb header_5_text_color__hover_enabled=\u00bboff|desktop\u00bb] \u2190 Volver al men\u00fa\u00a0 \u00a0 \u00a0 \u00a0 \u00a0 \u00a0 \u00a0 \u00a0 \u00a0 \u00a0 \u00a0 \u00a0 \u00a0 \u00a0 \u00a0 \u00a0 \u00a0 \u00a0 \u00a0 \u00a0 \u00a0 \u00a0 \u00a0 \u00a0 \u00a0 \u00a0 \u00a0 [&hellip;]<\/p>\n","protected":false},"author":1,"featured_media":0,"parent":0,"menu_order":0,"comment_status":"closed","ping_status":"closed","template":"","meta":{"_et_pb_use_builder":"on","_et_pb_old_content":"","_et_gb_content_width":"","footnotes":""},"class_list":["post-233","page","type-page","status-publish","hentry"],"_links":{"self":[{"href":"https:\/\/cafeteriabonjourbenidorm.com\/bonjour\/wp-json\/wp\/v2\/pages\/233","targetHints":{"allow":["GET"]}}],"collection":[{"href":"https:\/\/cafeteriabonjourbenidorm.com\/bonjour\/wp-json\/wp\/v2\/pages"}],"about":[{"href":"https:\/\/cafeteriabonjourbenidorm.com\/bonjour\/wp-json\/wp\/v2\/types\/page"}],"author":[{"embeddable":true,"href":"https:\/\/cafeteriabonjourbenidorm.com\/bonjour\/wp-json\/wp\/v2\/users\/1"}],"replies":[{"embeddable":true,"href":"https:\/\/cafeteriabonjourbenidorm.com\/bonjour\/wp-json\/wp\/v2\/comments?post=233"}],"version-history":[{"count":6,"href":"https:\/\/cafeteriabonjourbenidorm.com\/bonjour\/wp-json\/wp\/v2\/pages\/233\/revisions"}],"predecessor-version":[{"id":322,"href":"https:\/\/cafeteriabonjourbenidorm.com\/bonjour\/wp-json\/wp\/v2\/pages\/233\/revisions\/322"}],"wp:attachment":[{"href":"https:\/\/cafeteriabonjourbenidorm.com\/bonjour\/wp-json\/wp\/v2\/media?parent=233"}],"curies":[{"name":"wp","href":"https:\/\/api.w.org\/{rel}","templated":true}]}}